{"id":24,"date":"2023-05-09T18:45:38","date_gmt":"2023-05-09T16:45:38","guid":{"rendered":"http:\/\/faire-equipe.fr\/?page_id=24"},"modified":"2025-08-12T16:17:57","modified_gmt":"2025-08-12T14:17:57","slug":"qui-suis-je","status":"publish","type":"page","link":"https:\/\/faire-equipe.fr\/index.php\/qui-suis-je\/","title":{"rendered":"Qui suis-je ?"},"content":{"rendered":"\t\t<div data-elementor-type=\"wp-page\" data-elementor-id=\"24\" class=\"elementor elementor-24\">\n\t\t\t\t\t\t<section class=\"elementor-section elementor-top-section elementor-element elementor-element-2dbfa516 elementor-section-boxed elementor-section-height-default elementor-section-height-default\" data-id=\"2dbfa516\" data-element_type=\"section\" data-e-type=\"section\">\n\t\t\t\t\t\t<div class=\"elementor-container elementor-column-gap-default\">\n\t\t\t\t\t<div class=\"elementor-column elementor-col-100 elementor-top-column elementor-element elementor-element-3892a6bc\" data-id=\"3892a6bc\" data-element_type=\"column\" data-e-type=\"column\">\n\t\t\t<div class=\"elementor-widget-wrap elementor-element-populated\">\n\t\t\t\t\t\t<div class=\"elementor-element elementor-element-3adc7f08 elementor-widget elementor-widget-text-editor\" data-id=\"3adc7f08\" data-element_type=\"widget\" data-e-type=\"widget\" data-widget_type=\"text-editor.default\">\n\t\t\t\t<div class=\"elementor-widget-container\">\n\t\t\t\t\t\t\t\t\t<p><img fetchpriority=\"high\" decoding=\"async\" class=\"alignright\" src=\"https:\/\/faire-equipe.fr\/wp-content\/uploads\/2024\/02\/photo-lac-maix-784x1024.jpg\" alt=\"C\u00e9cile Choisne, comportementaliste-\u00e9ducatrice canin Strasbourg\" width=\"377\" height=\"492\" \/><\/p>\n<p>Je m\u2019appelle C\u00e9cile Choisne. Franco-allemande, je suis arriv\u00e9e \u00e0 Strasbourg il y a une dizaine d\u2019ann\u00e9e pour travailler \u00e0 ARTE o\u00f9 j\u2019exerce actuellement \u00e0 temps partiel comme r\u00e9dactrice pour l\u2019\u00e9mission de vulgarisation scientifique <a href=\"https:\/\/www.arte.tv\/fr\/videos\/RC-021159\/42-la-reponse-a-presque-tout\/\" target=\"_blank\" rel=\"noreferrer noopener\">42 &#8211; La r\u00e9ponse \u00e0 presque tout<\/a>.<\/p>\n<p><!-- \/wp:paragraph --><\/p>\n<p><!-- wp:paragraph --><\/p>\n<p>2020, les confinements et l\u2019essor du t\u00e9l\u00e9travail m\u2019ont donn\u00e9 envie de d\u00e9velopper une activit\u00e9 hors de mon bureau avec plus de mouvement et de rencontres. Je m\u2019\u00e9tais toujours dit \u00ab un jour je travaillerai avec des chiens \u00bb : le projet a m\u00fbri et je me suis demand\u00e9e pourquoi remettre ce plan \u00e0 plus tard.\u00a0<\/p>\n<p><!-- \/wp:paragraph --><\/p>\n<p><!-- wp:paragraph --><\/p>\n<p>Qu\u2019est ce qui m\u2019a pouss\u00e9e vers le m\u00e9tier de <strong>comportementaliste canin<\/strong> ? Et bien c\u2019est Muxu (on prononce Mouchou), mon berger su\u00e9dois de 6 ans. \u00c0 ses un an et demi, j\u2019ai ressenti le besoin de me faire accompagner par une professionnelle (Charlotte de <a title=\"\" href=\"https:\/\/www.facebook.com\/EducationCanineLeSourireAuxBabines\/\" target=\"_blank\" rel=\"noopener\">Le Sourire aux Babines<\/a>) et cela a totalement chang\u00e9 ma relation avec Muxu. Gr\u00e2ce au regard expert de Charlotte j\u2019ai (re)d\u00e9couvert qui \u00e9tait mon chien et cela m\u2019a permis de mieux le guider au quotidien pour nous amener tous les deux vers plus de s\u00e9r\u00e9nit\u00e9 et de complicit\u00e9. Aujourd\u2019hui je souhaite \u00e0 mon tour accompagner d\u2019autres bin\u00f4mes humain-chien sur ce chemin !<\/p>\n<p><!-- \/wp:paragraph --><\/p>\n<p><!-- wp:paragraph --><\/p>\n<p>C\u2019est pourquoi j\u2019ai demand\u00e9 un cong\u00e9 sabbatique afin d\u2019entreprendre d\u00e9but 2023 une formation de comportementaliste-\u00e9ducatrice aupr\u00e8s de <a href=\"https:\/\/www.vox-animae.com\" target=\"_blank\" rel=\"noreferrer noopener\">Vox Animae<\/a>, un organisme pluridisciplinaire en place depuis plus de 20 ans. Vox Animae s\u2019appuie sur des formateurs\/trices \u00e0 jour des derni\u00e8res avanc\u00e9es scientifiques en mati\u00e8re d\u2019\u00e9thologie et de psychologie. Forte de cette formation qui prend en compte autant l\u2019animal que l\u2019humain, je suis pr\u00eate \u00e0 vous aider dans vos difficult\u00e9s avec votre chien.<\/p>\n<p><!-- \/wp:paragraph --><\/p>\n<p><!-- wp:paragraph --><\/p>\n<p>J\u2019ai \u00e9galement obtenu l\u2019ACACED (Attestation de Connaissances pour les Animaux de Compagnie d\u2019Esp\u00e8ces Domestiques), seul dipl\u00f4me obligatoire \u00e0 ce jour pour exercer en tant que comportementaliste-\u00e9ducatrice et suis titulaire de l\u2019attestation d\u2019aptitude \u00e0 la d\u00e9tention de chiens cat\u00e9goris\u00e9s.<\/p>\n<p><!-- \/wp:paragraph --><\/p>\n<p><!-- wp:paragraph --><\/p>\n<p>Je m\u2019appuie sur des m\u00e9thodes bienveillantes, adapt\u00e9es \u00e0 vous et \u00e0 votre animal. Le but est d\u2019obtenir des modifications comportementales \u00e0 long terme en faisant appel \u00e0 la motivation de votre chien, tout en renfor\u00e7ant votre relation et votre complicit\u00e9.\u00a0<\/p>\n<p><b>Formations<\/b><\/p>\n<ul>\n<li>2023 &#8211; Educateur comportementaliste canin \u00e9chelon 2 &#8211; <a href=\"https:\/\/www.vox-animae.com\/\">Vox Animae<\/a><\/li>\n<li>2023 &#8211; ACACED &#8211; <a href=\"https:\/\/www.vox-animae.com\/\">Vox Animae<\/a><\/li>\n<li>2023 &#8211; Attestation d\u2019aptitude \u00e0 la d\u00e9tention de chiens cat\u00e9goris\u00e9s &#8211; <a href=\"https:\/\/www.vox-animae.com\/\">Vox Animae<\/a><\/li>\n<li>2023 &#8211; Stages de lecture du chien &#8211; Charlotte Bauquesne (<a href=\"https:\/\/www.facebook.com\/EducationCanineLeSourireAuxBabines\/\">Le sourire aux babines<\/a>)<\/li>\n<li>2024 &#8211; Classes de communication &#8211; Paulina Druri (<a href=\"https:\/\/www.chienpresqueparfait.fr\/\">Chien (presque) parfait<\/a>)<\/li>\n<li>2025 &#8211; Classes de communication &#8211; Paulina Druri (<a style=\"color: #2f5aae;\" href=\"https:\/\/www.chienpresqueparfait.fr\/\">Chien (presque) parfait<\/a>)<\/li>\n<\/ul>\n<p><b>Webinaires<\/b><\/p>\n<ul>\n<li>2023 &#8211; Organiser des balades collectives &#8211; Wini Verschueren (<a href=\"https:\/\/muzoplus.fr\/\">Muzo+<\/a>)<\/li>\n<li>2024 &#8211; R\u00e9activit\u00e9 canine, quand la friandise n\u2019est plus une option &#8211; Lisa Longo (<a href=\"https:\/\/muzoplus.fr\/\">Muzo+<\/a>)<\/li>\n<li>2024 &#8211; Mon chien de berger incompris &#8211; Simone Raffa (<a href=\"https:\/\/evolutioncanineacademie.ca\/\">\u00c9volution canine<\/a>)<\/li>\n<li>2024 &#8211; La communication chez le chien &#8211; Sasha Goldman &amp; Laura Sgard (<a href=\"https:\/\/www.facebook.com\/collectif.lemondeduchien\/\">Le monde du chien<\/a>)<\/li>\n<li>2024 &#8211; Le jeu chez le chien &#8211; Sasha Goldman &amp; Laura Sgard (<a href=\"https:\/\/www.facebook.com\/collectif.lemondeduchien\/\">Le monde du chien<\/a>)<\/li>\n<li>2025 &#8211; Bundle CICA (en cours)<\/li>\n<\/ul>\n<p><!-- \/wp:paragraph --><\/p>\t\t\t\t\t\t\t\t<\/div>\n\t\t\t\t<\/div>\n\t\t\t\t\t<\/div>\n\t\t<\/div>\n\t\t\t\t\t<\/div>\n\t\t<\/section>\n\t\t\t\t<\/div>\n\t\t","protected":false},"excerpt":{"rendered":"<p>Je m\u2019appelle C\u00e9cile Choisne. Franco-allemande, je suis arriv\u00e9e \u00e0 Strasbourg il y a une dizaine d\u2019ann\u00e9e pour travailler \u00e0 ARTE o\u00f9 j\u2019exerce actuellement \u00e0 temps partiel comme r\u00e9dactrice pour l\u2019\u00e9mission de vulgarisation scientifique 42 &#8211; La r\u00e9ponse \u00e0 presque tout. 2020, les confinements et l\u2019essor du t\u00e9l\u00e9travail m\u2019ont donn\u00e9 envie de d\u00e9velopper une activit\u00e9 hors&hellip;&nbsp;<a href=\"https:\/\/faire-equipe.fr\/index.php\/qui-suis-je\/\" rel=\"bookmark\"><span class=\"screen-reader-text\">Qui suis-je ?<\/span><\/a><\/p>\n","protected":false},"author":1,"featured_media":133,"parent":0,"menu_order":0,"comment_status":"closed","ping_status":"closed","template":"","meta":{"neve_meta_sidebar":"","neve_meta_container":"","neve_meta_enable_content_width":"","neve_meta_content_width":0,"neve_meta_title_alignment":"","neve_meta_author_avatar":"","neve_post_elements_order":"","neve_meta_disable_header":"","neve_meta_disable_footer":"","neve_meta_disable_title":"","footnotes":""},"class_list":["post-24","page","type-page","status-publish","has-post-thumbnail","hentry"],"jetpack_sharing_enabled":true,"_links":{"self":[{"href":"https:\/\/faire-equipe.fr\/index.php\/wp-json\/wp\/v2\/pages\/24","targetHints":{"allow":["GET"]}}],"collection":[{"href":"https:\/\/faire-equipe.fr\/index.php\/wp-json\/wp\/v2\/pages"}],"about":[{"href":"https:\/\/faire-equipe.fr\/index.php\/wp-json\/wp\/v2\/types\/page"}],"author":[{"embeddable":true,"href":"https:\/\/faire-equipe.fr\/index.php\/wp-json\/wp\/v2\/users\/1"}],"replies":[{"embeddable":true,"href":"https:\/\/faire-equipe.fr\/index.php\/wp-json\/wp\/v2\/comments?post=24"}],"version-history":[{"count":73,"href":"https:\/\/faire-equipe.fr\/index.php\/wp-json\/wp\/v2\/pages\/24\/revisions"}],"predecessor-version":[{"id":366,"href":"https:\/\/faire-equipe.fr\/index.php\/wp-json\/wp\/v2\/pages\/24\/revisions\/366"}],"wp:featuredmedia":[{"embeddable":true,"href":"https:\/\/faire-equipe.fr\/index.php\/wp-json\/wp\/v2\/media\/133"}],"wp:attachment":[{"href":"https:\/\/faire-equipe.fr\/index.php\/wp-json\/wp\/v2\/media?parent=24"}],"curies":[{"name":"wp","href":"https:\/\/api.w.org\/{rel}","templated":true}]}}