{"id":2,"date":"2023-05-09T18:32:22","date_gmt":"2023-05-09T16:32:22","guid":{"rendered":"http:\/\/faire-equipe.fr\/?page_id=2"},"modified":"2025-10-03T13:35:52","modified_gmt":"2025-10-03T11:35:52","slug":"prestation-tarifs","status":"publish","type":"page","link":"https:\/\/faire-equipe.fr\/index.php\/prestation-tarifs\/","title":{"rendered":"Mes prestations &#038; tarifs"},"content":{"rendered":"\n<p>J&#8217;interviens \u00e0 Strasbourg et me d\u00e9place \u00e0 v\u00e9lo. <br>J&#8217;offre les frais de d\u00e9placement dans un rayon de 15 min autour de mon domicile. Au del\u00e0 il faut compter : <br>5\u20ac entre 15 min et 20 min de trajet<br>10\u20ac&nbsp;entre 20 min et 25 min de trajet<br>15\u20ac entre 25 et 30 min de trajet<\/p>\n\n\n<div class=\"wp-block-image is-style-default\">\n<figure class=\"alignright size-large is-resized\"><img fetchpriority=\"high\" decoding=\"async\" width=\"788\" height=\"1024\" src=\"https:\/\/faire-equipe.fr\/wp-content\/uploads\/2023\/07\/IMG_8264-788x1024.jpg\" alt=\"\u00e9ducation chien strasbourg\" class=\"wp-image-156\" style=\"width:445px;height:578px\" srcset=\"https:\/\/faire-equipe.fr\/wp-content\/uploads\/2023\/07\/IMG_8264-788x1024.jpg 788w, https:\/\/faire-equipe.fr\/wp-content\/uploads\/2023\/07\/IMG_8264-231x300.jpg 231w, https:\/\/faire-equipe.fr\/wp-content\/uploads\/2023\/07\/IMG_8264-768x998.jpg 768w, https:\/\/faire-equipe.fr\/wp-content\/uploads\/2023\/07\/IMG_8264.jpg 985w\" sizes=\"(max-width: 788px) 100vw, 788px\" \/><\/figure>\n<\/div>\n\n\n<p><b>Bilan comportemental (env. 2h) : 95\u20ac <\/b>(85\u20ac pour les chiens adopt\u00e9s en refuges ou via associations)<br>Je me d\u00e9place \u00e0 votre domicile pour parler de votre chien.ne, des probl\u00e9matiques que vous rencontrez et r\u00e9pondre \u00e0 vos questions. La s\u00e9ance se d\u00e9roule en deux temps : une premi\u00e8re partie o\u00f9 je collecte toutes les informations possibles sur votre animal et votre relation puis une seconde partie o\u00f9 je vous donne des conseils et des pistes de travail. Je vous envoie par la suite un r\u00e9capitulatif de mes recommandations par mail. <br>Cette prestation est un pr\u00e9alable aux autres : elle me permet de mieux comprendre votre relation avec votre chien.ne ainsi que son caract\u00e8re et ses sp\u00e9cificit\u00e9s. C&#8217;est la base pour vous proposer un suivi personnalis\u00e9 et adapt\u00e9.\u00a0<br>Le bilan inclut 2 appels de suivi de 15 min dans les 3 mois suivants le rendez-vous.<\/p>\n\n\n\n<p><b>S\u00e9ance d\u2019\u00e9ducation ou de suivi (env. 1h) : 50\u20ac&nbsp;<\/b><br>Suite au bilan comportemental, je peux vous proposer des s\u00e9ances de suivi et\/ou d\u2019\u00e9ducation selon vos besoins. Celles-ci se d\u00e9rouleront soit chez vous, soit en ext\u00e9rieur selon ce que l\u2019on souhaite travailler. On peut travailler en individuel (apprentissage du rappel, marche en laisse polie, connexion humain.e\/chien.ne&#8230;) ou \u00e0 l&#8217;aide de chien.nes complices pour travailler les comp\u00e9tences sociales ou la r\u00e9activit\u00e9. Le cadre des s\u00e9ances (environnement, complices) est choisi avec soin pour \u00e9viter de mettre votre chien.ne en immersion. &nbsp;<br><b>&gt; Forfait 3 s\u00e9ances (valable 6 mois \u00e0 compter de la 1\u00e8re s\u00e9ance) : 130\u20ac<\/b><\/p>\n\n\n\n<p><b>Balades sociales \u00e9ducatives : 15\u20ac \/ personne<br><\/b>Je propose des balades collectives en longe dans les proches alentours de Strasbourg. Pour permettre une sortie de qualit\u00e9 \u00e0 tout le monde, les groupes sont constitu\u00e9s de 4 \u00e0 5 chien.nes maximum (selon les profils). Je fais en sorte d&#8217;adapter la balade aux chien.nes sensibles. Durant ces sorties, je vous guide dans la gestion de votre chien.ne au milieu d\u2019un groupe canin et vous aide \u00e0 mieux comprendre votre compagnon lors de ses interactions avec ses cong\u00e9n\u00e8res. L\u2019int\u00e9r\u00eat est donc double : am\u00e9liorer les comp\u00e9tences sociales de votre chien.ne et perfectionner votre lecture canine. Ces balades sont r\u00e9serv\u00e9es aux bin\u00f4mes que j\u2019ai pu voir en bilan et\/ou en s\u00e9ances pour m\u2019assurer que la sortie se passera au mieux.<\/p>\n\n\n\n<p><\/p>\n","protected":false},"excerpt":{"rendered":"<p>J&#8217;interviens \u00e0 Strasbourg et me d\u00e9place \u00e0 v\u00e9lo. J&#8217;offre les frais de d\u00e9placement dans un rayon de 15 min autour de mon domicile. Au del\u00e0 il faut compter : 5\u20ac entre 15 min et 20 min de trajet10\u20ac&nbsp;entre 20 min et 25 min de trajet15\u20ac entre 25 et 30 min de trajet Bilan comportemental (env.&hellip;&nbsp;<a href=\"https:\/\/faire-equipe.fr\/index.php\/prestation-tarifs\/\" rel=\"bookmark\"><span class=\"screen-reader-text\">Mes prestations &#038; tarifs<\/span><\/a><\/p>\n","protected":false},"author":1,"featured_media":0,"parent":0,"menu_order":0,"comment_status":"closed","ping_status":"open","template":"","meta":{"neve_meta_sidebar":"","neve_meta_container":"","neve_meta_enable_content_width":"","neve_meta_content_width":0,"neve_meta_title_alignment":"","neve_meta_author_avatar":"","neve_post_elements_order":"","neve_meta_disable_header":"","neve_meta_disable_footer":"","neve_meta_disable_title":"","footnotes":""},"class_list":["post-2","page","type-page","status-publish","hentry"],"jetpack_sharing_enabled":true,"_links":{"self":[{"href":"https:\/\/faire-equipe.fr\/index.php\/wp-json\/wp\/v2\/pages\/2","targetHints":{"allow":["GET"]}}],"collection":[{"href":"https:\/\/faire-equipe.fr\/index.php\/wp-json\/wp\/v2\/pages"}],"about":[{"href":"https:\/\/faire-equipe.fr\/index.php\/wp-json\/wp\/v2\/types\/page"}],"author":[{"embeddable":true,"href":"https:\/\/faire-equipe.fr\/index.php\/wp-json\/wp\/v2\/users\/1"}],"replies":[{"embeddable":true,"href":"https:\/\/faire-equipe.fr\/index.php\/wp-json\/wp\/v2\/comments?post=2"}],"version-history":[{"count":51,"href":"https:\/\/faire-equipe.fr\/index.php\/wp-json\/wp\/v2\/pages\/2\/revisions"}],"predecessor-version":[{"id":383,"href":"https:\/\/faire-equipe.fr\/index.php\/wp-json\/wp\/v2\/pages\/2\/revisions\/383"}],"wp:attachment":[{"href":"https:\/\/faire-equipe.fr\/index.php\/wp-json\/wp\/v2\/media?parent=2"}],"curies":[{"name":"wp","href":"https:\/\/api.w.org\/{rel}","templated":true}]}}