{"id":195,"date":"2023-07-24T14:50:07","date_gmt":"2023-07-24T12:50:07","guid":{"rendered":"https:\/\/faire-equipe.fr\/?page_id=195"},"modified":"2025-08-12T16:43:42","modified_gmt":"2025-08-12T14:43:42","slug":"mentions-legales","status":"publish","type":"page","link":"https:\/\/faire-equipe.fr\/index.php\/mentions-legales\/","title":{"rendered":"Mentions l\u00e9gales"},"content":{"rendered":"\n<p>Identit\u00e9 de l&#8217;entreprise : Entreprise individuelle C\u00e9cile Choisne<br>Nom commercial : Faire \u00e9quipe<br>Contact : 07 66 60 16 14 <\/p>\n\n\n\n<div class=\"wp-block-jetpack-contact-info\">\n<div class=\"wp-block-jetpack-email\"><a href=\"mailto:cecile@faire-equipe.fr\">cecile@faire-equipe.fr<\/a><\/div>\n<\/div>\n\n\n\n<p>Adresse du si\u00e8ge : 43 rue des mouettes, 67100 Strasbourg<br>SIRET : 95313257800014<br><br>H\u00e9bergeur : OVH <br>Si\u00e8ge social : 2 rue Kellermann &#8211; 59100 Roubaix &#8211; France<\/p>\n\n\n\n<p>En cas de litige : <br>Soci\u00e9t\u00e9 M\u00e9diation Professionnelle<br><a href=\"https:\/\/gijjejf.r.af.d.sendibt2.com\/tr\/cl\/opmt9VeycxJdu8RglTVQ8Vz4BtQySxqRJKYnsE9BrntgPRGsthMO1wwKZss036igbqkELOLzvwas-lh4iisizWaTSwsprO4fCbr28rbLKk2G-PtKbSF7Y3TamH1Z5feQ74S1xdasBzhKCF-8i7r3ZGagliOcwC_AxJhpsflpuFymHZBIQe-tkpd_6z6oGJn2euhyaheVSfaRHPZd7bknvNxNZFF9daedX5B6TZyWrQ-HSBeqD16DSKKQxhUv5qUjeBor0WBvAeT6uz6hb48_I4b87Ak_28bwyZs3cpFjqVcOL89_YuoYP_l4qQufL2-Q6qY1spaGHQYZauNKvxlJLZVIR-a64vXSCNG8wWwg6x9SUDxIS_uBPEvy6Dson7rhGP7dtp7rT324HsznMxGkFw5ZGY5JiUhSmZyj_T4CW6n7tnZsWKJXVQh4Mgid--VDWSfKT_EZHXRFmLR5H4omyq-35NyCQOeqj1pZXSdHZFtiycYOFW6WObcSW6f3JwY8l6JRaLuB5suiY6apdhq3Y6Hv-VgAWXmUaVcp4NcV9yxb_tM_COb9aYAqHvKkG7OiQAh2Y-zwdl_xpxOGwEixawjjpuB9W3QA6QwsRCZ1KADRiCqRailclQ5Vv46wUK7-RkvUwKy_jDc9kTz5IQBzqbudIKitWKCmYW9Smrb8xqcTxWCHisOQ9JzVPQNhKv9CpZpC8CZtdz-2tatEn4U06zLZ0tqqFG-pUap48XCGRl_L9Q\">http:\/\/www.mediateur-consommation-smp.fr<\/a><br>Alteritae 5 rue Salvaing 12000 Rodez<\/p>\n","protected":false},"excerpt":{"rendered":"<p>Identit\u00e9 de l&#8217;entreprise : Entreprise individuelle C\u00e9cile ChoisneNom commercial : Faire \u00e9quipeContact : 07 66 60 16 14 Adresse du si\u00e8ge : 43 rue des mouettes, 67100 StrasbourgSIRET : 95313257800014 H\u00e9bergeur : OVH Si\u00e8ge social : 2 rue Kellermann &#8211; 59100 Roubaix &#8211; France En cas de litige : Soci\u00e9t\u00e9 M\u00e9diation Professionnellehttp:\/\/www.mediateur-consommation-smp.frAlteritae 5 rue Salvaing&hellip;&nbsp;<a href=\"https:\/\/faire-equipe.fr\/index.php\/mentions-legales\/\" rel=\"bookmark\"><span class=\"screen-reader-text\">Mentions l\u00e9gales<\/span><\/a><\/p>\n","protected":false},"author":1,"featured_media":0,"parent":0,"menu_order":0,"comment_status":"closed","ping_status":"closed","template":"","meta":{"neve_meta_sidebar":"","neve_meta_container":"","neve_meta_enable_content_width":"","neve_meta_content_width":0,"neve_meta_title_alignment":"","neve_meta_author_avatar":"","neve_post_elements_order":"","neve_meta_disable_header":"","neve_meta_disable_footer":"","neve_meta_disable_title":"","footnotes":""},"class_list":["post-195","page","type-page","status-publish","hentry"],"jetpack_sharing_enabled":true,"_links":{"self":[{"href":"https:\/\/faire-equipe.fr\/index.php\/wp-json\/wp\/v2\/pages\/195","targetHints":{"allow":["GET"]}}],"collection":[{"href":"https:\/\/faire-equipe.fr\/index.php\/wp-json\/wp\/v2\/pages"}],"about":[{"href":"https:\/\/faire-equipe.fr\/index.php\/wp-json\/wp\/v2\/types\/page"}],"author":[{"embeddable":true,"href":"https:\/\/faire-equipe.fr\/index.php\/wp-json\/wp\/v2\/users\/1"}],"replies":[{"embeddable":true,"href":"https:\/\/faire-equipe.fr\/index.php\/wp-json\/wp\/v2\/comments?post=195"}],"version-history":[{"count":3,"href":"https:\/\/faire-equipe.fr\/index.php\/wp-json\/wp\/v2\/pages\/195\/revisions"}],"predecessor-version":[{"id":368,"href":"https:\/\/faire-equipe.fr\/index.php\/wp-json\/wp\/v2\/pages\/195\/revisions\/368"}],"wp:attachment":[{"href":"https:\/\/faire-equipe.fr\/index.php\/wp-json\/wp\/v2\/media?parent=195"}],"curies":[{"name":"wp","href":"https:\/\/api.w.org\/{rel}","templated":true}]}}